{"id":134251,"date":"2020-08-18T09:37:47","date_gmt":"2020-08-18T07:37:47","guid":{"rendered":"https:\/\/www.reinzeit.com\/right-of-revocation\/"},"modified":"2023-05-16T15:20:08","modified_gmt":"2023-05-16T13:20:08","slug":"right-of-revocation","status":"publish","type":"page","link":"https:\/\/www.reinzeit.com\/en\/right-of-revocation\/","title":{"rendered":"Right of revocation"},"content":{"rendered":"<p>[et_pb_section fb_built=&#8221;1&#8243; custom_padding_last_edited=&#8221;on|tablet&#8221; _builder_version=&#8221;4.4.8&#8243; background_enable_image=&#8221;off&#8221; background_size=&#8221;initial&#8221; background_position=&#8221;bottom_left&#8221; custom_margin=&#8221;0px||0px||true|false&#8221; custom_margin_tablet=&#8221;|0px||0px|false|false&#8221; custom_margin_phone=&#8221;||0px||false|false&#8221; custom_margin_last_edited=&#8221;on|tablet&#8221; custom_padding=&#8221;0px||0px||false|false&#8221; custom_padding_tablet=&#8221;|0px||0px|false|false&#8221; custom_padding_phone=&#8221;&#8221; z_index_tablet=&#8221;-1&#8243; z_index_phone=&#8221;&#8221; z_index_last_edited=&#8221;on|tablet&#8221; locked=&#8221;off&#8221; global_colors_info=&#8221;{}&#8221;][et_pb_row use_custom_gutter=&#8221;on&#8221; _builder_version=&#8221;4.4.8&#8243; width=&#8221;90%&#8221; custom_margin=&#8221;30px||||false|false&#8221; custom_margin_tablet=&#8221;0px||0px||false|false&#8221; custom_margin_phone=&#8221;&#8221; custom_margin_last_edited=&#8221;on|tablet&#8221; custom_padding=&#8221;0px||0px||false|false&#8221; global_colors_info=&#8221;{}&#8221;][et_pb_column type=&#8221;4_4&#8243; _builder_version=&#8221;4.4.8&#8243; custom_padding=&#8221;|0px||0px|false|false&#8221; custom_padding_tablet=&#8221;|0px||0px|false|false&#8221; custom_padding_phone=&#8221;|0px||0px|false|false&#8221; custom_padding_last_edited=&#8221;on|tablet&#8221; global_colors_info=&#8221;{}&#8221;][et_pb_text _builder_version=&#8221;4.5.6&#8243; text_font=&#8221;||||||||&#8221; header_font_size=&#8221;60px&#8221; header_line_height=&#8221;1.1em&#8221; header_2_font=&#8221;Dancing Script|700|||||||&#8221; header_2_text_color=&#8221;#91bd06&#8243; header_2_font_size=&#8221;40px&#8221; header_2_line_height=&#8221;1.2em&#8221; header_3_font=&#8221;|700|||||||&#8221; header_3_font_size=&#8221;40px&#8221; header_4_font=&#8221;|700|||||||&#8221; header_4_text_color=&#8221;#91bd06&#8243; header_4_font_size=&#8221;24px&#8221; header_5_font=&#8221;|700|||||||&#8221; header_5_font_size=&#8221;22px&#8221; custom_margin=&#8221;0px||0px||false|false&#8221; custom_padding=&#8221;30px||0px||false|false&#8221; custom_padding_tablet=&#8221;&#8221; custom_padding_phone=&#8221;&#8221; custom_padding_last_edited=&#8221;on|tablet&#8221; header_2_font_size_tablet=&#8221;&#8221; header_2_font_size_phone=&#8221;35px&#8221; header_2_font_size_last_edited=&#8221;on|phone&#8221; global_colors_info=&#8221;{}&#8221;]<\/p>\n<h2>Goods<\/h2>\n<p>[\/et_pb_text][et_pb_text _builder_version=&#8221;4.11.3&#8243; text_font=&#8221;|700|||||||&#8221; text_text_color=&#8221;#153c34&#8243; text_font_size=&#8221;40px&#8221; text_line_height=&#8221;1.2em&#8221; header_font=&#8221;|700|||||||&#8221; header_text_color=&#8221;#153c34&#8243; header_line_height=&#8221;1.2em&#8221; header_2_font=&#8221;Dancing Script|700|||||||&#8221; header_2_text_color=&#8221;#91bd06&#8243; header_2_font_size=&#8221;40px&#8221; header_2_line_height=&#8221;1.1em&#8221; header_3_font=&#8221;|700|||||||&#8221; header_3_font_size=&#8221;40px&#8221; header_4_font=&#8221;|700|||||||&#8221; header_4_text_color=&#8221;#91bd06&#8243; header_4_font_size=&#8221;24px&#8221; header_5_font=&#8221;|700|||||||&#8221; header_5_font_size=&#8221;22px&#8221; custom_margin=&#8221;0px||0px||false|false&#8221; custom_padding=&#8221;0px||0px||false|false&#8221; text_font_size_tablet=&#8221;30px&#8221; text_font_size_phone=&#8221;30px&#8221; text_font_size_last_edited=&#8221;on|tablet&#8221; header_font_size_tablet=&#8221;30px&#8221; header_font_size_phone=&#8221;&#8221; header_font_size_last_edited=&#8221;on|tablet&#8221; global_colors_info=&#8221;{}&#8221;]<\/p>\n<h1>Right of revocation<\/h1>\n<p>[\/et_pb_text][\/et_pb_column][\/et_pb_row][\/et_pb_section][et_pb_section fb_built=&#8221;1&#8243; custom_padding_last_edited=&#8221;on|tablet&#8221; _builder_version=&#8221;4.6.5&#8243; background_image=&#8221;https:\/\/www.reinzeit.com\/wp-content\/uploads\/2020\/10\/reinzeit-blue-background2.jpg&#8221; background_size=&#8221;contain&#8221; background_position=&#8221;top_center&#8221; custom_margin=&#8221;10px||||false|false&#8221; custom_padding=&#8221;90px||50px||false|false&#8221; custom_padding_tablet=&#8221;10px||||false|false&#8221; custom_padding_phone=&#8221;10px||||false|false&#8221; background_last_edited=&#8221;on|phone&#8221; background_enable_image_tablet=&#8221;off&#8221; locked=&#8221;off&#8221; global_colors_info=&#8221;{}&#8221;][et_pb_row use_custom_gutter=&#8221;on&#8221; gutter_width=&#8221;3&#8243; custom_padding_last_edited=&#8221;on|phone&#8221; module_class=&#8221;custom-list-style&#8221; _builder_version=&#8221;4.6.5&#8243; background_color=&#8221;#ffffff&#8221; width=&#8221;90%&#8221; custom_margin=&#8221;||||false|false&#8221; custom_margin_tablet=&#8221;0px||0px||false|false&#8221; custom_margin_phone=&#8221;&#8221; custom_margin_last_edited=&#8221;on|tablet&#8221; custom_padding=&#8221;70px|120px|90px|120px|false|true&#8221; custom_padding_tablet=&#8221;50px|80px|70px|80px|false|true&#8221; custom_padding_phone=&#8221;30px|30px|40px|30px|false|true&#8221; box_shadow_style=&#8221;preset1&#8243; box_shadow_vertical=&#8221;1px&#8221; box_shadow_blur=&#8221;26px&#8221; box_shadow_color=&#8221;rgba(0,0,0,0.21)&#8221; global_colors_info=&#8221;{}&#8221;][et_pb_column type=&#8221;4_4&#8243; _builder_version=&#8221;4.5.6&#8243; custom_padding=&#8221;|0px|||false|false&#8221; global_colors_info=&#8221;{}&#8221;][et_pb_text _builder_version=&#8221;4.5.6&#8243; text_font=&#8221;||||||||&#8221; header_font_size=&#8221;60px&#8221; header_line_height=&#8221;1.1em&#8221; header_2_font=&#8221;|700|||||||&#8221; header_2_font_size=&#8221;40px&#8221; header_2_line_height=&#8221;1.1em&#8221; header_3_font=&#8221;|700|||||||&#8221; header_3_font_size=&#8221;40px&#8221; header_4_font=&#8221;|700|||||||&#8221; header_4_text_color=&#8221;#91bd06&#8243; header_4_font_size=&#8221;24px&#8221; header_4_line_height=&#8221;1.3em&#8221; header_5_font=&#8221;|700|||||||&#8221; header_5_font_size=&#8221;22px&#8221; custom_margin=&#8221;20px||0px||false|false&#8221; custom_padding=&#8221;0px||0px||false|false&#8221; header_4_font_size_tablet=&#8221;&#8221; header_4_font_size_phone=&#8221;22px&#8221; header_4_font_size_last_edited=&#8221;on|phone&#8221; locked=&#8221;off&#8221; global_colors_info=&#8221;{}&#8221;]<\/p>\n<h4 style=\"text-align: left;\">7. Right of revocation<\/h4>\n<p>[\/et_pb_text][et_pb_text _builder_version=&#8221;4.11.3&#8243; _module_preset=&#8221;default&#8221; text_text_color=&#8221;#153c34&#8243; text_font_size=&#8221;17px&#8221; text_line_height=&#8221;1.8em&#8221; custom_margin=&#8221;0px||0px||false|false&#8221; custom_padding=&#8221;15px||15px||false|false&#8221; custom_padding_tablet=&#8221;15px||30px||false|false&#8221; custom_padding_phone=&#8221;||20px||false|false&#8221; custom_padding_last_edited=&#8221;on|tablet&#8221; text_font_size_tablet=&#8221;&#8221; text_font_size_phone=&#8221;15px&#8221; text_font_size_last_edited=&#8221;on|desktop&#8221; global_colors_info=&#8221;{}&#8221; body_font_size_phone=&#8221;15px&#8221; body_font_size_last_edited=&#8221;on|phone&#8221;]<\/p>\n<p>7.1. You have the right to cancel this contract within fourteen days without giving any reason. The withdrawal period is fourteen days from the date of receipt of the goods!<\/p>\n<p>7.2. In order to exercise your right of revocation, you must send us the Fa. ReinZeit HandelsGmbH. Teichweg 2, A-4501 Neuhofen\/Krems | <span>Phone: +43 7227 20877<\/span>,by means of a clear statement (e.g. a letter sent by mail, fax or e-mail) about your decision to revoke this contract. You can do this informally or request a sample cancellation form from us or call it up under Downloads at www.reinzeit.com, but this is not mandatory.<\/p>\n<p>7.3. To comply with the cancellation period, it is sufficient that you send the notification of the exercise of the right of cancellation before the end of the cancellation period.<\/p>\n<p>7.4. If you revoke this contract, we shall reimburse you all payments we have received from you, including delivery costs (with the exception of additional costs resulting from the fact that you have chosen a type of delivery other than the most favorable standard delivery offered by us), without undue delay and at the latest within fourteen days from the day on which we received the notification of your revocation of this contract. For this repayment, we use the same means of payment that you used for the original transaction, unless expressly agreed otherwise with you; in no case will you be charged for this repayment.<\/p>\n<p>7.5. Wir k\u00f6nnen die R\u00fcckzahlung verweigern, bis wir die Waren wieder zur\u00fcckerhalten haben oder bis Sie den Nachweis erbracht haben, dass Sie die Waren zur\u00fcckgesandt haben, je nachdem, welches der fr\u00fchere Zeitpunkt ist.<\/p>\n<p>7.6. You must return the goods immediately and in any case no later than fourteen days from the day on which you notify us of the cancellation of this contract to Fa. ReinZeit HandelsGmbH. Teichweg 2, A-4501 Neuhofen\/Krems, or to your personal ReinZeit Direkt consultant. The deadline is met if you send the goods before the deadline of fourteen days.<\/p>\n<p>7.7 You shall bear the costs of returning the goods.<\/p>\n<p>7.8 For returned goods, you must pay for any loss in value of the goods only if this loss in value is due to handling that is not necessary for testing the condition, properties and functioning of the goods.<\/p>\n<p>&nbsp;<\/p>\n<p>[\/et_pb_text][\/et_pb_column][\/et_pb_row][\/et_pb_section][et_pb_section fb_built=&#8221;1&#8243; custom_padding_last_edited=&#8221;on|tablet&#8221; _builder_version=&#8221;4.4.8&#8243; custom_margin=&#8221;0px||0px||false|false&#8221; custom_margin_tablet=&#8221;||20px||false|false&#8221; custom_margin_phone=&#8221;20px||15px||false|false&#8221; custom_margin_last_edited=&#8221;on|tablet&#8221; custom_padding=&#8221;50px||||false|false&#8221; custom_padding_tablet=&#8221;30px||0px||false|false&#8221; custom_padding_phone=&#8221;&#8221; locked=&#8221;off&#8221; global_colors_info=&#8221;{}&#8221;][et_pb_row _builder_version=&#8221;4.4.8&#8243; width=&#8221;90%&#8221; module_alignment=&#8221;center&#8221; custom_margin=&#8221;0px||0px||false|false&#8221; custom_padding=&#8221;0px||0px||false|false&#8221; global_colors_info=&#8221;{}&#8221;][et_pb_column type=&#8221;4_4&#8243; _builder_version=&#8221;4.4.8&#8243; global_colors_info=&#8221;{}&#8221;][et_pb_text _builder_version=&#8221;4.5.6&#8243; text_font=&#8221;||||||||&#8221; header_font_size=&#8221;60px&#8221; header_line_height=&#8221;1.1em&#8221; header_2_font=&#8221;Dancing Script|700|||||||&#8221; header_2_text_color=&#8221;#CAEAE2&#8243; header_2_font_size=&#8221;40px&#8221; header_2_line_height=&#8221;1.2em&#8221; header_3_font=&#8221;|700|||||||&#8221; header_3_font_size=&#8221;40px&#8221; header_4_font=&#8221;|700|||||||&#8221; header_4_text_color=&#8221;#91bd06&#8243; header_4_font_size=&#8221;24px&#8221; header_5_font=&#8221;|700|||||||&#8221; header_5_font_size=&#8221;22px&#8221; custom_margin=&#8221;0px||0px||false|false&#8221; custom_padding=&#8221;10px||40px||false|false&#8221; header_2_font_size_tablet=&#8221;30px&#8221; header_2_font_size_phone=&#8221;30px&#8221; header_2_font_size_last_edited=&#8221;on|phone&#8221; global_colors_info=&#8221;{}&#8221;]<\/p>\n<h2 style=\"text-align: center;\">Your ReinZeit-Team <img loading=\"lazy\" decoding=\"async\" src=\"https:\/\/www.reinzeit.com\/wp-content\/uploads\/2020\/07\/Pfad-298.svg\" width=\"26\" height=\"30\" alt=\"\" class=\"wp-image-26570 alignnone size-medium\"><\/h2>\n<p>[\/et_pb_text][\/et_pb_column][\/et_pb_row][\/et_pb_section]<\/p>\n","protected":false},"excerpt":{"rendered":"<p>GoodsRight of revocation7. Right of revocation7.1. You have the right to cancel this contract within fourteen days without giving any reason. The withdrawal period is fourteen days from the date of receipt of the goods! 7.2. In order to exercise your right of revocation, you must send us the Fa. ReinZeit HandelsGmbH. Teichweg 2, A-4501 [&hellip;]<\/p>\n","protected":false},"author":1,"featured_media":0,"parent":0,"menu_order":0,"comment_status":"closed","ping_status":"closed","template":"","meta":{"_acf_changed":false,"_et_pb_use_builder":"on","_et_pb_old_content":"","_et_gb_content_width":"","footnotes":""},"class_list":["post-134251","page","type-page","status-publish","hentry","fpd-variation-needed"],"acf":[],"yoast_head":"<!-- This site is optimized with the Yoast SEO plugin v24.8.1 - https:\/\/yoast.com\/wordpress\/plugins\/seo\/ -->\n<title>Right of revocation - www.reinzeit.com<\/title>\n<meta name=\"robots\" content=\"index, follow, max-snippet:-1, max-image-preview:large, max-video-preview:-1\" \/>\n<link rel=\"canonical\" href=\"https:\/\/www.reinzeit.com\/en\/right-of-revocation\/\" \/>\n<meta property=\"og:locale\" content=\"en_US\" \/>\n<meta property=\"og:type\" content=\"article\" \/>\n<meta property=\"og:title\" content=\"Right of revocation - www.reinzeit.com\" \/>\n<meta property=\"og:description\" content=\"GoodsRight of revocation7. Right of revocation7.1. You have the right to cancel this contract within fourteen days without giving any reason. The withdrawal period is fourteen days from the date of receipt of the goods! 7.2. In order to exercise your right of revocation, you must send us the Fa. ReinZeit HandelsGmbH. Teichweg 2, A-4501 [&hellip;]\" \/>\n<meta property=\"og:url\" content=\"https:\/\/www.reinzeit.com\/en\/right-of-revocation\/\" \/>\n<meta property=\"og:site_name\" content=\"www.reinzeit.com\" \/>\n<meta property=\"article:publisher\" content=\"https:\/\/www.facebook.com\/ReinZeit\/\" \/>\n<meta property=\"article:modified_time\" content=\"2023-05-16T13:20:08+00:00\" \/>\n<meta property=\"og:image\" content=\"https:\/\/www.reinzeit.com\/wp-content\/uploads\/2020\/07\/Pfad-298.svg\" \/>\n<meta name=\"twitter:card\" content=\"summary_large_image\" \/>\n<meta name=\"twitter:site\" content=\"@ReinZeit\" \/>\n<meta name=\"twitter:label1\" content=\"Est. reading time\" \/>\n\t<meta name=\"twitter:data1\" content=\"7 minutes\" \/>\n<script type=\"application\/ld+json\" class=\"yoast-schema-graph\">{\"@context\":\"https:\/\/schema.org\",\"@graph\":[{\"@type\":\"WebPage\",\"@id\":\"https:\/\/www.reinzeit.com\/en\/right-of-revocation\/\",\"url\":\"https:\/\/www.reinzeit.com\/en\/right-of-revocation\/\",\"name\":\"Right of revocation - www.reinzeit.com\",\"isPartOf\":{\"@id\":\"https:\/\/www.reinzeit.com\/en\/#website\"},\"primaryImageOfPage\":{\"@id\":\"https:\/\/www.reinzeit.com\/en\/right-of-revocation\/#primaryimage\"},\"image\":{\"@id\":\"https:\/\/www.reinzeit.com\/en\/right-of-revocation\/#primaryimage\"},\"thumbnailUrl\":\"https:\/\/www.reinzeit.com\/wp-content\/uploads\/2020\/07\/Pfad-298.svg\",\"datePublished\":\"2020-08-18T07:37:47+00:00\",\"dateModified\":\"2023-05-16T13:20:08+00:00\",\"inLanguage\":\"en-US\",\"potentialAction\":[{\"@type\":\"ReadAction\",\"target\":[\"https:\/\/www.reinzeit.com\/en\/right-of-revocation\/\"]}]},{\"@type\":\"ImageObject\",\"inLanguage\":\"en-US\",\"@id\":\"https:\/\/www.reinzeit.com\/en\/right-of-revocation\/#primaryimage\",\"url\":\"https:\/\/www.reinzeit.com\/wp-content\/uploads\/2020\/07\/Pfad-298.svg\",\"contentUrl\":\"https:\/\/www.reinzeit.com\/wp-content\/uploads\/2020\/07\/Pfad-298.svg\"},{\"@type\":\"WebSite\",\"@id\":\"https:\/\/www.reinzeit.com\/en\/#website\",\"url\":\"https:\/\/www.reinzeit.com\/en\/\",\"name\":\"www.reinzeit.com\",\"description\":\"www.reinzeit.com\",\"publisher\":{\"@id\":\"https:\/\/www.reinzeit.com\/en\/#organization\"},\"potentialAction\":[{\"@type\":\"SearchAction\",\"target\":{\"@type\":\"EntryPoint\",\"urlTemplate\":\"https:\/\/www.reinzeit.com\/en\/?s={search_term_string}\"},\"query-input\":{\"@type\":\"PropertyValueSpecification\",\"valueRequired\":true,\"valueName\":\"search_term_string\"}}],\"inLanguage\":\"en-US\"},{\"@type\":\"Organization\",\"@id\":\"https:\/\/www.reinzeit.com\/en\/#organization\",\"name\":\"ReinZeit Handels GmbH\",\"url\":\"https:\/\/www.reinzeit.com\/en\/\",\"logo\":{\"@type\":\"ImageObject\",\"inLanguage\":\"en-US\",\"@id\":\"https:\/\/www.reinzeit.com\/en\/#\/schema\/logo\/image\/\",\"url\":\"https:\/\/www.reinzeit.com\/wp-content\/uploads\/2020\/07\/Gruppe-296.svg\",\"contentUrl\":\"https:\/\/www.reinzeit.com\/wp-content\/uploads\/2020\/07\/Gruppe-296.svg\",\"width\":239,\"height\":61,\"caption\":\"ReinZeit Handels GmbH\"},\"image\":{\"@id\":\"https:\/\/www.reinzeit.com\/en\/#\/schema\/logo\/image\/\"},\"sameAs\":[\"https:\/\/www.facebook.com\/ReinZeit\/\",\"https:\/\/x.com\/ReinZeit\",\"https:\/\/www.instagram.com\/reinzeit\/?hl=de\",\"https:\/\/www.youtube.com\/user\/reinzeit\"]}]}<\/script>\n<!-- \/ Yoast SEO plugin. -->","yoast_head_json":{"title":"Right of revocation - www.reinzeit.com","robots":{"index":"index","follow":"follow","max-snippet":"max-snippet:-1","max-image-preview":"max-image-preview:large","max-video-preview":"max-video-preview:-1"},"canonical":"https:\/\/www.reinzeit.com\/en\/right-of-revocation\/","og_locale":"en_US","og_type":"article","og_title":"Right of revocation - www.reinzeit.com","og_description":"GoodsRight of revocation7. Right of revocation7.1. You have the right to cancel this contract within fourteen days without giving any reason. The withdrawal period is fourteen days from the date of receipt of the goods! 7.2. In order to exercise your right of revocation, you must send us the Fa. ReinZeit HandelsGmbH. Teichweg 2, A-4501 [&hellip;]","og_url":"https:\/\/www.reinzeit.com\/en\/right-of-revocation\/","og_site_name":"www.reinzeit.com","article_publisher":"https:\/\/www.facebook.com\/ReinZeit\/","article_modified_time":"2023-05-16T13:20:08+00:00","og_image":[{"url":"https:\/\/www.reinzeit.com\/wp-content\/uploads\/2020\/07\/Pfad-298.svg","type":"","width":"","height":""}],"twitter_card":"summary_large_image","twitter_site":"@ReinZeit","twitter_misc":{"Est. reading time":"7 minutes"},"schema":{"@context":"https:\/\/schema.org","@graph":[{"@type":"WebPage","@id":"https:\/\/www.reinzeit.com\/en\/right-of-revocation\/","url":"https:\/\/www.reinzeit.com\/en\/right-of-revocation\/","name":"Right of revocation - www.reinzeit.com","isPartOf":{"@id":"https:\/\/www.reinzeit.com\/en\/#website"},"primaryImageOfPage":{"@id":"https:\/\/www.reinzeit.com\/en\/right-of-revocation\/#primaryimage"},"image":{"@id":"https:\/\/www.reinzeit.com\/en\/right-of-revocation\/#primaryimage"},"thumbnailUrl":"https:\/\/www.reinzeit.com\/wp-content\/uploads\/2020\/07\/Pfad-298.svg","datePublished":"2020-08-18T07:37:47+00:00","dateModified":"2023-05-16T13:20:08+00:00","inLanguage":"en-US","potentialAction":[{"@type":"ReadAction","target":["https:\/\/www.reinzeit.com\/en\/right-of-revocation\/"]}]},{"@type":"ImageObject","inLanguage":"en-US","@id":"https:\/\/www.reinzeit.com\/en\/right-of-revocation\/#primaryimage","url":"https:\/\/www.reinzeit.com\/wp-content\/uploads\/2020\/07\/Pfad-298.svg","contentUrl":"https:\/\/www.reinzeit.com\/wp-content\/uploads\/2020\/07\/Pfad-298.svg"},{"@type":"WebSite","@id":"https:\/\/www.reinzeit.com\/en\/#website","url":"https:\/\/www.reinzeit.com\/en\/","name":"www.reinzeit.com","description":"www.reinzeit.com","publisher":{"@id":"https:\/\/www.reinzeit.com\/en\/#organization"},"potentialAction":[{"@type":"SearchAction","target":{"@type":"EntryPoint","urlTemplate":"https:\/\/www.reinzeit.com\/en\/?s={search_term_string}"},"query-input":{"@type":"PropertyValueSpecification","valueRequired":true,"valueName":"search_term_string"}}],"inLanguage":"en-US"},{"@type":"Organization","@id":"https:\/\/www.reinzeit.com\/en\/#organization","name":"ReinZeit Handels GmbH","url":"https:\/\/www.reinzeit.com\/en\/","logo":{"@type":"ImageObject","inLanguage":"en-US","@id":"https:\/\/www.reinzeit.com\/en\/#\/schema\/logo\/image\/","url":"https:\/\/www.reinzeit.com\/wp-content\/uploads\/2020\/07\/Gruppe-296.svg","contentUrl":"https:\/\/www.reinzeit.com\/wp-content\/uploads\/2020\/07\/Gruppe-296.svg","width":239,"height":61,"caption":"ReinZeit Handels GmbH"},"image":{"@id":"https:\/\/www.reinzeit.com\/en\/#\/schema\/logo\/image\/"},"sameAs":["https:\/\/www.facebook.com\/ReinZeit\/","https:\/\/x.com\/ReinZeit","https:\/\/www.instagram.com\/reinzeit\/?hl=de","https:\/\/www.youtube.com\/user\/reinzeit"]}]}},"_links":{"self":[{"href":"https:\/\/www.reinzeit.com\/en\/wp-json\/wp\/v2\/pages\/134251","targetHints":{"allow":["GET"]}}],"collection":[{"href":"https:\/\/www.reinzeit.com\/en\/wp-json\/wp\/v2\/pages"}],"about":[{"href":"https:\/\/www.reinzeit.com\/en\/wp-json\/wp\/v2\/types\/page"}],"author":[{"embeddable":true,"href":"https:\/\/www.reinzeit.com\/en\/wp-json\/wp\/v2\/users\/1"}],"replies":[{"embeddable":true,"href":"https:\/\/www.reinzeit.com\/en\/wp-json\/wp\/v2\/comments?post=134251"}],"version-history":[{"count":2,"href":"https:\/\/www.reinzeit.com\/en\/wp-json\/wp\/v2\/pages\/134251\/revisions"}],"predecessor-version":[{"id":134253,"href":"https:\/\/www.reinzeit.com\/en\/wp-json\/wp\/v2\/pages\/134251\/revisions\/134253"}],"wp:attachment":[{"href":"https:\/\/www.reinzeit.com\/en\/wp-json\/wp\/v2\/media?parent=134251"}],"curies":[{"name":"wp","href":"https:\/\/api.w.org\/{rel}","templated":true}]}}